{"id":1051,"date":"2016-08-05T23:12:08","date_gmt":"2016-08-05T21:12:08","guid":{"rendered":"http:\/\/www.lycee-charles-nodier-ac-besancon.fr\/wordpress\/?page_id=1051"},"modified":"2020-08-27T09:18:50","modified_gmt":"2020-08-27T07:18:50","slug":"mentions-legales","status":"publish","type":"page","link":"https:\/\/www.lycee-charles-nodier-ac-besancon.fr\/wordpress\/mentions-legales\/","title":{"rendered":"Mentions l\u00e9gales"},"content":{"rendered":"<p><strong>Directeur de la publication<\/strong><br \/>\nDaniel PARENT, Proviseur du Lyc\u00e9e Charles Nodier<br \/>\n<a href=\"mailto:Ce.0390012b@ac-besancon.fr\">Ce.0390012b@ac-besancon.fr<\/a><\/p>\n<p><strong>Responsable d\u2019\u00e9dition :<\/strong><br \/>\nDaniel PARENT, Proviseur du Lyc\u00e9e Charles Nodier<\/p>\n<p><strong>Webmasters :<\/strong><br \/>\nDaniel PARENT, Proviseur du Lyc\u00e9e Charles Nodier<br \/>\nEric Jourdan, Professeur<\/p>\n<p><strong>H\u00e9bergement :<\/strong><\/p>\n<p>SARL OVH<br \/>\nAdresse : 140, quai du Sartel &#8211; 59100 ROUBAIX| FRANCE<br \/>\nTel : 0 899 701 761 &#8211; Fax : 03 20 20 09 58<br \/>\nMail : <a href=\"mailto:support@ovh.com\">support@ovh.com<\/a><br \/>\nSite : <a href=\"http:\/\/www.ovh.com\" target=\"_blank\" rel=\"noopener noreferrer\">www.ovh.com<\/a><\/p>\n<p>Site r\u00e9alis\u00e9 avec WordPress<\/p>\n<p><strong>Droits de modification et de suppression de vos donn\u00e9es personnelles<\/strong><br \/>\nConform\u00e9ment aux textes europ\u00e9ens et fran\u00e7ais en vigueur et notamment la loi du N\u00b0\u00a078-17 du 6 janvier 1978 relative \u00e0 l\u2019informatique, aux fichiers et aux libert\u00e9s, l\u2019acad\u00e9mie de Besan\u00e7on vous informe que vous disposez d\u2019un droit g\u00e9n\u00e9ral d\u2019acc\u00e8s, de rectification et de suppression de l\u2019ensemble des donn\u00e9es personnelles vous concernant et dont nous disposons.<\/p>\n<p>Loi n\u00b0\u00a078-17 du 6 janvier 1978<\/p>\n<p>Vous pouvez exercer ce droit \u00e0 l\u2019adresse suivante\u00a0:<br \/>\nLyc\u00e9e Charles NODIER<br \/>\n6 Grande Rue<br \/>\nBP 28<br \/>\n39107 Dole cedex<\/p>\n<p>T\u00e9l\u00e9phone :<br \/>\n03 84 79 00 99<\/p>\n<p>Vous souhaitez modifier vos donn\u00e9es\u00a0:<br \/>\nVous pouvez nous envoyer un courrier \u00e9lectronique \u00e0 l\u2019adresse suivante : <a href=\"mailto:Ce.0390012b@ac-besancon.fr\">Ce.0390012b@ac-besancon.fr<\/a><\/p>\n","protected":false},"excerpt":{"rendered":"<p>Directeur de la publication Daniel PARENT, Proviseur du Lyc\u00e9e Charles Nodier Ce.0390012b@ac-besancon.fr Responsable d\u2019\u00e9dition : Daniel PARENT, Proviseur du Lyc\u00e9e Charles Nodier Webmasters : Daniel PARENT, Proviseur du Lyc\u00e9e Charles\u2026<\/p>\n<p> <a class=\"continue-reading-link\" href=\"https:\/\/www.lycee-charles-nodier-ac-besancon.fr\/wordpress\/mentions-legales\/\"><span>Lire la suite<\/span><i class=\"crycon-right-dir\"><\/i><\/a> <\/p>\n","protected":false},"author":2,"featured_media":0,"parent":0,"menu_order":0,"comment_status":"closed","ping_status":"closed","template":"","meta":{"footnotes":""},"coauthors":[],"class_list":["post-1051","page","type-page","status-publish","hentry"],"_links":{"self":[{"href":"https:\/\/www.lycee-charles-nodier-ac-besancon.fr\/wordpress\/wp-json\/wp\/v2\/pages\/1051","targetHints":{"allow":["GET"]}}],"collection":[{"href":"https:\/\/www.lycee-charles-nodier-ac-besancon.fr\/wordpress\/wp-json\/wp\/v2\/pages"}],"about":[{"href":"https:\/\/www.lycee-charles-nodier-ac-besancon.fr\/wordpress\/wp-json\/wp\/v2\/types\/page"}],"author":[{"embeddable":true,"href":"https:\/\/www.lycee-charles-nodier-ac-besancon.fr\/wordpress\/wp-json\/wp\/v2\/users\/2"}],"replies":[{"embeddable":true,"href":"https:\/\/www.lycee-charles-nodier-ac-besancon.fr\/wordpress\/wp-json\/wp\/v2\/comments?post=1051"}],"version-history":[{"count":3,"href":"https:\/\/www.lycee-charles-nodier-ac-besancon.fr\/wordpress\/wp-json\/wp\/v2\/pages\/1051\/revisions"}],"predecessor-version":[{"id":4174,"href":"https:\/\/www.lycee-charles-nodier-ac-besancon.fr\/wordpress\/wp-json\/wp\/v2\/pages\/1051\/revisions\/4174"}],"wp:attachment":[{"href":"https:\/\/www.lycee-charles-nodier-ac-besancon.fr\/wordpress\/wp-json\/wp\/v2\/media?parent=1051"}],"wp:term":[{"taxonomy":"author","embeddable":true,"href":"https:\/\/www.lycee-charles-nodier-ac-besancon.fr\/wordpress\/wp-json\/wp\/v2\/coauthors?post=1051"}],"curies":[{"name":"wp","href":"https:\/\/api.w.org\/{rel}","templated":true}]}}