{"id":25,"date":"2016-07-12T14:54:52","date_gmt":"2016-07-12T12:54:52","guid":{"rendered":"http:\/\/www.lycee-charles-nodier-ac-besancon.fr\/wordpress\/?page_id=25"},"modified":"2016-09-07T16:54:04","modified_gmt":"2016-09-07T14:54:04","slug":"25-2","status":"publish","type":"page","link":"https:\/\/www.lycee-charles-nodier-ac-besancon.fr\/wordpress\/25-2\/","title":{"rendered":"Pr\u00e9sentation du Lyc\u00e9e Charles NODIER"},"content":{"rendered":"<p>Pr\u00e9sentation du Lyc\u00e9e Charles NODIER<\/p>\n<p>&nbsp;<\/p>\n<table style=\"width: 962.53px; height: 168px;\">\n<tbody>\n<tr style=\"height: 176px;\">\n<td style=\"width: 107px;\" rowspan=\"2\">[slideshow_deploy id=&rsquo;24&rsquo;]<\/td>\n<td style=\"width: 466.53px; vertical-align: top;\">\n<p style=\"text-align: left;\"><strong>Pr\u00e9sentation :<\/strong><\/p>\n<p style=\"text-align: left;\"><a href=\"https:\/\/www.lycee-charles-nodier-ac-besancon.fr\/wordpress\/category\/lycee_charles_nodier\/presentation\/\">D\u00e9couvrir le lyc\u00e9e, ainsi que\u00a0Charles Nodier<\/a><\/p>\n<p style=\"text-align: left;\"><a href=\"https:\/\/www.lycee-charles-nodier-ac-besancon.fr\/wordpress\/category\/lycee_charles_nodier\/communaute_educative\/\">D\u00e9couvrir la communaut\u00e9 \u00e9ducative<\/a><\/p>\n<\/td>\n<\/tr>\n<tr style=\"height: 140.42px;\">\n<td style=\"width: 466.53px;\">\n<p style=\"text-align: left;\">\u00a0<strong>Des visites virtuelles pour d\u00e9couvrir le lyc\u00e9e :<\/strong><\/p>\n<p style=\"text-align: left;\"><a href=\"https:\/\/www.lycee-charles-nodier-ac-besancon.fr\/wordpress\/cour-restauration\/\"><img loading=\"lazy\" decoding=\"async\" class=\"alignnone wp-image-1281 size-full\" src=\"https:\/\/www.lycee-charles-nodier-ac-besancon.fr\/wordpress\/wp-content\/uploads\/2016\/09\/pano_cour360.jpg\" alt=\"pano_cour360\" width=\"200\" height=\"100\" \/><\/a>\u00a0 \u00a0<a href=\"https:\/\/www.lycee-charles-nodier-ac-besancon.fr\/wordpress\/cour-dame-dounans\/\"><img loading=\"lazy\" decoding=\"async\" class=\"alignnone wp-image-1243 size-full\" src=\"https:\/\/www.lycee-charles-nodier-ac-besancon.fr\/wordpress\/wp-content\/uploads\/2016\/07\/cour1.jpg\" alt=\"cour1\" width=\"200\" height=\"100\" \/><\/a><\/p>\n<p style=\"text-align: left;\"><a href=\"https:\/\/www.lycee-charles-nodier-ac-besancon.fr\/wordpress\/parc-internat\/\"><img loading=\"lazy\" decoding=\"async\" class=\"alignnone wp-image-1238 size-full\" src=\"https:\/\/www.lycee-charles-nodier-ac-besancon.fr\/wordpress\/wp-content\/uploads\/2016\/07\/parc360.jpg\" alt=\"parc360\" width=\"200\" height=\"100\" \/><\/a>\u00a0\u00a0 <a href=\"https:\/\/www.lycee-charles-nodier-ac-besancon.fr\/wordpress\/cour-dame-dounans-2\/\"><img loading=\"lazy\" decoding=\"async\" class=\"alignnone wp-image-1358 size-full\" src=\"https:\/\/www.lycee-charles-nodier-ac-besancon.fr\/wordpress\/wp-content\/uploads\/2016\/09\/ounans360.jpg\" alt=\"ounans360\" width=\"200\" height=\"100\" \/><\/a><\/p>\n<p style=\"text-align: left;\">\n<\/td>\n<\/tr>\n<tr style=\"height: 24px;\">\n<td style=\"width: 107px; height: 24px;\"><\/td>\n<td style=\"width: 466.53px; height: 24px;\"><\/td>\n<\/tr>\n<\/tbody>\n<\/table>\n<p>&nbsp;<\/p>\n<p>&nbsp;<\/p>\n","protected":false},"excerpt":{"rendered":"<p>Pr\u00e9sentation du Lyc\u00e9e Charles NODIER &nbsp; [slideshow_deploy id=&rsquo;24&rsquo;] Pr\u00e9sentation : D\u00e9couvrir le lyc\u00e9e, ainsi que\u00a0Charles Nodier D\u00e9couvrir la communaut\u00e9 \u00e9ducative \u00a0Des visites virtuelles pour d\u00e9couvrir le lyc\u00e9e : \u00a0 \u00a0\u2026<\/p>\n<p> <a class=\"continue-reading-link\" href=\"https:\/\/www.lycee-charles-nodier-ac-besancon.fr\/wordpress\/25-2\/\"><span>Lire la suite<\/span><i class=\"crycon-right-dir\"><\/i><\/a> <\/p>\n","protected":false},"author":1,"featured_media":33,"parent":0,"menu_order":0,"comment_status":"closed","ping_status":"closed","template":"","meta":{"footnotes":""},"coauthors":[],"class_list":["post-25","page","type-page","status-publish","has-post-thumbnail","hentry"],"_links":{"self":[{"href":"https:\/\/www.lycee-charles-nodier-ac-besancon.fr\/wordpress\/wp-json\/wp\/v2\/pages\/25","targetHints":{"allow":["GET"]}}],"collection":[{"href":"https:\/\/www.lycee-charles-nodier-ac-besancon.fr\/wordpress\/wp-json\/wp\/v2\/pages"}],"about":[{"href":"https:\/\/www.lycee-charles-nodier-ac-besancon.fr\/wordpress\/wp-json\/wp\/v2\/types\/page"}],"author":[{"embeddable":true,"href":"https:\/\/www.lycee-charles-nodier-ac-besancon.fr\/wordpress\/wp-json\/wp\/v2\/users\/1"}],"replies":[{"embeddable":true,"href":"https:\/\/www.lycee-charles-nodier-ac-besancon.fr\/wordpress\/wp-json\/wp\/v2\/comments?post=25"}],"version-history":[{"count":18,"href":"https:\/\/www.lycee-charles-nodier-ac-besancon.fr\/wordpress\/wp-json\/wp\/v2\/pages\/25\/revisions"}],"predecessor-version":[{"id":1360,"href":"https:\/\/www.lycee-charles-nodier-ac-besancon.fr\/wordpress\/wp-json\/wp\/v2\/pages\/25\/revisions\/1360"}],"wp:featuredmedia":[{"embeddable":true,"href":"https:\/\/www.lycee-charles-nodier-ac-besancon.fr\/wordpress\/wp-json\/wp\/v2\/media\/33"}],"wp:attachment":[{"href":"https:\/\/www.lycee-charles-nodier-ac-besancon.fr\/wordpress\/wp-json\/wp\/v2\/media?parent=25"}],"wp:term":[{"taxonomy":"author","embeddable":true,"href":"https:\/\/www.lycee-charles-nodier-ac-besancon.fr\/wordpress\/wp-json\/wp\/v2\/coauthors?post=25"}],"curies":[{"name":"wp","href":"https:\/\/api.w.org\/{rel}","templated":true}]}}