{"id":879,"date":"2016-08-09T15:27:57","date_gmt":"2016-08-09T13:27:57","guid":{"rendered":"http:\/\/www.lycee-charles-nodier-ac-besancon.fr\/wordpress\/?page_id=879"},"modified":"2020-08-28T13:42:30","modified_gmt":"2020-08-28T11:42:30","slug":"acces-parents","status":"publish","type":"page","link":"https:\/\/www.lycee-charles-nodier-ac-besancon.fr\/wordpress\/acces-parents\/","title":{"rendered":"Acc\u00e8s parents"},"content":{"rendered":"<table>\n<tbody>\n<tr>\n<td style=\"border-color: #ffffff; width: 33%; text-align: left; vertical-align: top; background-color: #ffffff;\">\n<h2><strong>Absences<\/strong><\/h2>\n<p style=\"text-align: left;\">Ne pas oublier de signaler une absence \u00e0 la vie scolaire :<br \/>\nTel : 03.84.79.00.99<br \/>\nMail : <a href=\"mailto:cpe.0390012b@ac-besancon.fr\"><span style=\"color: #1e73be;\">cpe.0390012b@ac-besancon.fr<\/span><\/a><\/p>\n<h2 style=\"text-align: left;\"><strong>La vie au lyc\u00e9e<\/strong><\/h2>\n<ul style=\"list-style-type: square;\">\n<li><a href=\"https:\/\/www.lycee-charles-nodier-ac-besancon.fr\/wordpress\/nous-contacter\/\">Vos interlocuteurs<\/a><\/li>\n<li style=\"text-align: left;\"><a href=\"https:\/\/www.lycee-charles-nodier-ac-besancon.fr\/wordpress\/category\/vielycee\/chartes-et-reglements\/\">Chartes et r\u00e8glements<\/a><\/li>\n<\/ul>\n<p><a href=\"https:\/\/teleservices.ac-besancon.fr\/ts\" target=\"_blank\" rel=\"noopener noreferrer\"><img loading=\"lazy\" decoding=\"async\" class=\"aligncenter wp-image-1752 size-full\" src=\"https:\/\/www.lycee-charles-nodier-ac-besancon.fr\/wordpress\/wp-content\/uploads\/2016\/08\/scol_service.gif\" width=\"160\" height=\"62\" \/><\/a><\/p>\n<p><a href=\"https:\/\/www.lycee-charles-nodier-ac-besancon.fr\/wordpress\/tutoriel-pour-la-connexion-des-parents-deleves-au-site-teleservices-et-au-nouvel-espace-numerique-de-travail-ent-eclat\/\">Tutoriel pour la connexion des parents d&rsquo;\u00e9l\u00e8ves au site t\u00e9l\u00e9services et au nouvel espace num\u00e9rique de travail (ENT) \u00ab\u00a0ECLAT\u00a0\u00bb<\/a><\/td>\n<td style=\"border-color: #ffffff; width: 33%; text-align: left; vertical-align: top; background-color: #ffffff;\">\n<h2><strong>Calendrier<\/strong><\/h2>\n<ul style=\"list-style-type: square;\">\n<li><a href=\"https:\/\/www.lycee-charles-nodier-ac-besancon.fr\/wordpress\/planning-des-conseils-de-classe\/\">Planning des conseils de classe <\/a><\/li>\n<li><a href=\"https:\/\/www.lycee-charles-nodier-ac-besancon.fr\/wordpress\/dispositif-accompagnement-personnalise\/\">Planning de l&rsquo;Accompagnement Personnalis\u00e9 <\/a><\/li>\n<li><a href=\"https:\/\/www.lycee-charles-nodier-ac-besancon.fr\/wordpress\/category\/informations\/bourses\/\">Aides et bourses<\/a><\/li>\n<li><a href=\"https:\/\/www.lycee-charles-nodier-ac-besancon.fr\/wordpress\/rencontres-parents-professeurs-classes-de-seconde\/\">Rencontres Parents &#8211; Professeurs 2nde<\/a><\/li>\n<\/ul>\n<h2><strong>F\u00e9d\u00e9rations de parents d&rsquo;\u00e9l\u00e8ves<\/strong><\/h2>\n<p><a href=\"https:\/\/www.lycee-charles-nodier-ac-besancon.fr\/wordpress\/category\/lycee_charles_nodier\/federations_parents\/fcpe\/\"><img loading=\"lazy\" decoding=\"async\" id=\"fullResImage\" class=\"aligncenter\" src=\"https:\/\/www.lycee-charles-nodier-ac-besancon.fr\/wordpress\/wp-content\/uploads\/2016\/07\/fcpe.jpg\" width=\"150\" height=\"146\" \/><\/a><a href=\"https:\/\/www.lycee-charles-nodier-ac-besancon.fr\/wordpress\/category\/lycee_charles_nodier\/federations_parents\/peep\/\"><img loading=\"lazy\" decoding=\"async\" id=\"fullResImage\" class=\"aligncenter\" src=\"https:\/\/www.lycee-charles-nodier-ac-besancon.fr\/wordpress\/wp-content\/uploads\/2016\/07\/peep.png\" width=\"150\" height=\"30\" \/><\/a><\/td>\n<td style=\"border-color: #ffffff; width: 33%; text-align: left; vertical-align: top; background-color: #ffffff;\">\n<h2><strong>Pronote<\/strong><\/h2>\n<ul style=\"list-style-type: square;\">\n<li>Pour consulter\u00a0le cahier de texte, les notes, les absences, &#8230;<\/li>\n<\/ul>\n<p><a href=\"https:\/\/0390012b.index-education.net\/pronote\/parent.html\" target=\"_blank\" rel=\"noopener noreferrer\"><img loading=\"lazy\" decoding=\"async\" class=\"aligncenter wp-image-36 size-full\" src=\"https:\/\/www.lycee-charles-nodier-ac-besancon.fr\/wordpress\/wp-content\/uploads\/2016\/07\/pronote-espacespronote1.png\" alt=\"pronote-espacespronote1\" width=\"150\" height=\"105\" \/><\/a>Version mobile :<\/p>\n<p><img loading=\"lazy\" decoding=\"async\" class=\"wp-image-4193 aligncenter\" src=\"https:\/\/www.lycee-charles-nodier-ac-besancon.fr\/wordpress\/wp-content\/uploads\/2016\/07\/parents.png\" alt=\"\" width=\"140\" height=\"140\" srcset=\"https:\/\/www.lycee-charles-nodier-ac-besancon.fr\/wordpress\/wp-content\/uploads\/2016\/07\/parents.png 300w, https:\/\/www.lycee-charles-nodier-ac-besancon.fr\/wordpress\/wp-content\/uploads\/2016\/07\/parents-150x150.png 150w\" sizes=\"auto, (max-width: 140px) 100vw, 140px\" \/><\/td>\n<\/tr>\n<\/tbody>\n<\/table>\n","protected":false},"excerpt":{"rendered":"<p>Absences Ne pas oublier de signaler une absence \u00e0 la vie scolaire : Tel : 03.84.79.00.99 Mail : cpe.0390012b@ac-besancon.fr La vie au lyc\u00e9e Vos interlocuteurs Chartes et r\u00e8glements Tutoriel pour\u2026<\/p>\n<p> <a class=\"continue-reading-link\" href=\"https:\/\/www.lycee-charles-nodier-ac-besancon.fr\/wordpress\/acces-parents\/\"><span>Lire la suite<\/span><i class=\"crycon-right-dir\"><\/i><\/a> <\/p>\n","protected":false},"author":2,"featured_media":0,"parent":0,"menu_order":0,"comment_status":"closed","ping_status":"closed","template":"","meta":{"footnotes":""},"coauthors":[],"class_list":["post-879","page","type-page","status-publish","hentry"],"_links":{"self":[{"href":"https:\/\/www.lycee-charles-nodier-ac-besancon.fr\/wordpress\/wp-json\/wp\/v2\/pages\/879","targetHints":{"allow":["GET"]}}],"collection":[{"href":"https:\/\/www.lycee-charles-nodier-ac-besancon.fr\/wordpress\/wp-json\/wp\/v2\/pages"}],"about":[{"href":"https:\/\/www.lycee-charles-nodier-ac-besancon.fr\/wordpress\/wp-json\/wp\/v2\/types\/page"}],"author":[{"embeddable":true,"href":"https:\/\/www.lycee-charles-nodier-ac-besancon.fr\/wordpress\/wp-json\/wp\/v2\/users\/2"}],"replies":[{"embeddable":true,"href":"https:\/\/www.lycee-charles-nodier-ac-besancon.fr\/wordpress\/wp-json\/wp\/v2\/comments?post=879"}],"version-history":[{"count":11,"href":"https:\/\/www.lycee-charles-nodier-ac-besancon.fr\/wordpress\/wp-json\/wp\/v2\/pages\/879\/revisions"}],"predecessor-version":[{"id":4197,"href":"https:\/\/www.lycee-charles-nodier-ac-besancon.fr\/wordpress\/wp-json\/wp\/v2\/pages\/879\/revisions\/4197"}],"wp:attachment":[{"href":"https:\/\/www.lycee-charles-nodier-ac-besancon.fr\/wordpress\/wp-json\/wp\/v2\/media?parent=879"}],"wp:term":[{"taxonomy":"author","embeddable":true,"href":"https:\/\/www.lycee-charles-nodier-ac-besancon.fr\/wordpress\/wp-json\/wp\/v2\/coauthors?post=879"}],"curies":[{"name":"wp","href":"https:\/\/api.w.org\/{rel}","templated":true}]}}